{"id":2,"date":"2016-03-03T15:32:06","date_gmt":"2016-03-03T14:32:06","guid":{"rendered":"http:\/\/localhost\/wordpress\/?page_id=2"},"modified":"2025-02-23T16:21:22","modified_gmt":"2025-02-23T15:21:22","slug":"home","status":"publish","type":"page","link":"https:\/\/isenbiel.info\/wordpress\/","title":{"rendered":"Home"},"content":{"rendered":"<p><img fetchpriority=\"high\" decoding=\"async\" class=\"size-medium_large wp-image-2180 alignleft\" src=\"http:\/\/isenbiel.info\/wordpress\/wp-content\/uploads\/2018\/07\/Test_boot-768x317.jpg\" alt=\"\" width=\"640\" height=\"264\" srcset=\"https:\/\/isenbiel.info\/wordpress\/wp-content\/uploads\/2018\/07\/Test_boot-768x317.jpg 768w, https:\/\/isenbiel.info\/wordpress\/wp-content\/uploads\/2018\/07\/Test_boot-300x124.jpg 300w, https:\/\/isenbiel.info\/wordpress\/wp-content\/uploads\/2018\/07\/Test_boot-1024x423.jpg 1024w, https:\/\/isenbiel.info\/wordpress\/wp-content\/uploads\/2018\/07\/Test_boot.jpg 1200w\" sizes=\"(max-width: 640px) 100vw, 640px\" \/><\/p>\n<p>In unserem Blog wollen wir von den Erfahrungen unserer Reise berichten und sie mit allen Interessierten Freunden, Verwandten, Seglern und Nichtseglern teilen. In unregelm\u00e4\u00dfgen Abst\u00e4nden werden wir von unseren Erlebnissen, dem Alltag auf dem Schiff und den au\u00dfergew\u00f6hlichen Eindr\u00fccken zu Lande und zu Wasser erz\u00e4hlen.<\/p>\n<p>Da wir beide schreiben, wird es nat\u00fcrliche Wiederholungen geben und auch Inge hat sich vorgenommen, die Beitr\u00e4ge nicht immer einer zeitlichen Kontinuit\u00e4t folgen zu lassen.<\/p>\n<p>Auch an der Form wird weiter gearbeitet.<\/p>\n<p><strong>Es gibt ab heute (18.07.2018) ein neues Outfit. Wir hoffen, dass es euch gef\u00e4llt. \u00dcber G\u00e4stebucheintr\u00e4ge und Kommentare freuen wir uns immer. Also schaut vorbei und bleibt auf dem Laufenden, auch wenn es jetzt in der Hurrikansaison etwas weniger Beitr\u00e4ge werden, da wir wieder in Deutschland sind.<\/strong><br \/>\n<ul class=\"display-posts-listing\"><li class=\"listing-item\"><a class=\"title\" href=\"https:\/\/isenbiel.info\/wordpress\/2020\/09\/28\/das-blaue-notizbuch\/\">Das blaue Notizbuch<\/a><\/li><li class=\"listing-item\"><a class=\"title\" href=\"https:\/\/isenbiel.info\/wordpress\/2020\/07\/05\/flussaufwaerts\/\">Flussaufw\u00e4rts<\/a><\/li><li class=\"listing-item\"><a class=\"title\" href=\"https:\/\/isenbiel.info\/wordpress\/2020\/06\/20\/auf-der-staande-mastroute-durch-holland\/\">Auf der Staande Mastroute durch Holland<\/a><\/li><li class=\"listing-item\"><a class=\"title\" href=\"https:\/\/isenbiel.info\/wordpress\/2020\/06\/07\/rund-cap-hoorn\/\">Rund (Cap) Hoorn<\/a><\/li><li class=\"listing-item\"><a class=\"title\" href=\"https:\/\/isenbiel.info\/wordpress\/2020\/06\/04\/goode-dag\/\">Goode dag<\/a><\/li><li class=\"listing-item\"><a class=\"title\" href=\"https:\/\/isenbiel.info\/wordpress\/2020\/05\/02\/harmonie-und-courante-unterwegs\/\">Harmonie und Courante unterwegs<\/a><\/li><li class=\"listing-item\"><a class=\"title\" href=\"https:\/\/isenbiel.info\/wordpress\/2020\/04\/21\/das-neue-segeln-heisst-warten\/\">Das neue Segeln hei\u00dft warten.<\/a><\/li><li class=\"listing-item\"><a class=\"title\" href=\"https:\/\/isenbiel.info\/wordpress\/2020\/04\/07\/aus-einer-anderen-zeit-streifzug-ueber-antigua\/\">Aus einer anderen Zeit: Streifzug \u00fcber Antigua<\/a><\/li><li class=\"listing-item\"><a class=\"title\" href=\"https:\/\/isenbiel.info\/wordpress\/2020\/04\/01\/noch-schnell-den-ankerplatz-wechseln\/\">Noch schnell den Ankerplatz wechseln<\/a><\/li><li class=\"listing-item\"><a class=\"title\" href=\"https:\/\/isenbiel.info\/wordpress\/2020\/03\/24\/gestrandet-auf-le-gosier\/\">Gestrandet auf Le Gosier<\/a><\/li><\/ul><\/p>\n<p>&nbsp;<\/p>\n<p>&nbsp;<br \/>\nFollow my blog with Bloglovin<\/p>\n","protected":false},"excerpt":{"rendered":"<p>In unserem Blog wollen wir von den Erfahrungen unserer Reise berichten und sie mit allen Interessierten Freunden, Verwandten, Seglern und Nichtseglern teilen. In unregelm\u00e4\u00dfgen Abst\u00e4nden werden wir von unseren Erlebnissen, dem Alltag auf dem Schiff und den au\u00dfergew\u00f6hlichen Eindr\u00fccken zu Lande und zu Wasser erz\u00e4hlen. Da wir beide schreiben, wird es nat\u00fcrliche Wiederholungen geben und <a class=\"read-more\" href=\"https:\/\/isenbiel.info\/wordpress\/2020\/03\/24\/gestrandet-auf-le-gosier\/\">Read More<\/a><\/p>\n","protected":false},"author":1,"featured_media":2180,"parent":0,"menu_order":1,"comment_status":"closed","ping_status":"open","template":"","meta":{"ngg_post_thumbnail":0,"footnotes":""},"class_list":["post-2","page","type-page","status-publish","has-post-thumbnail","hentry"],"_links":{"self":[{"href":"https:\/\/isenbiel.info\/wordpress\/wp-json\/wp\/v2\/pages\/2","targetHints":{"allow":["GET"]}}],"collection":[{"href":"https:\/\/isenbiel.info\/wordpress\/wp-json\/wp\/v2\/pages"}],"about":[{"href":"https:\/\/isenbiel.info\/wordpress\/wp-json\/wp\/v2\/types\/page"}],"author":[{"embeddable":true,"href":"https:\/\/isenbiel.info\/wordpress\/wp-json\/wp\/v2\/users\/1"}],"replies":[{"embeddable":true,"href":"https:\/\/isenbiel.info\/wordpress\/wp-json\/wp\/v2\/comments?post=2"}],"version-history":[{"count":15,"href":"https:\/\/isenbiel.info\/wordpress\/wp-json\/wp\/v2\/pages\/2\/revisions"}],"predecessor-version":[{"id":3697,"href":"https:\/\/isenbiel.info\/wordpress\/wp-json\/wp\/v2\/pages\/2\/revisions\/3697"}],"wp:featuredmedia":[{"embeddable":true,"href":"https:\/\/isenbiel.info\/wordpress\/wp-json\/wp\/v2\/media\/2180"}],"wp:attachment":[{"href":"https:\/\/isenbiel.info\/wordpress\/wp-json\/wp\/v2\/media?parent=2"}],"curies":[{"name":"wp","href":"https:\/\/api.w.org\/{rel}","templated":true}]}}